{"id":46,"date":"2022-07-17T15:19:36","date_gmt":"2022-07-17T15:19:36","guid":{"rendered":"https:\/\/nossansfiber.se\/wp\/?page_id=46"},"modified":"2022-07-17T15:19:36","modified_gmt":"2022-07-17T15:19:36","slug":"stadgar-2","status":"publish","type":"page","link":"https:\/\/nossansfiber.se\/wp\/stadgar-2\/","title":{"rendered":"Stadgar"},"content":{"rendered":"\n<h1 class=\"wp-block-heading\">Stadgar<\/h1>\n\n\n\n<p><strong>STADGAR F\u00d6R&nbsp;<em>NOSSANS FIBER<\/em>&nbsp;EKONOMISK F\u00d6RENING<\/strong><\/p>\n\n\n\n<p>\u00a7 1&nbsp;&nbsp;&nbsp; FIRMA<br>F\u00f6reningens namn \u00e4r Nossans fiber ekonomisk f\u00f6rening.<em><\/em><\/p>\n\n\n\n<p>\u00a7 2&nbsp;&nbsp;&nbsp; \u00c4NDAM\u00c5L OCH VERKSAMHET<br>F\u00f6reningen har till \u00e4ndam\u00e5l att fr\u00e4mja medlemmarnas ekonomiska intressen genom att via ett eget kommunikationsn\u00e4t tillhandah\u00e5lla medlemmarna n\u00e4tkapacitet f\u00f6r bl.a. data- och telekommunikation. F\u00f6reningen kan \u00e4ven, direkt eller indirekt, tillhandah\u00e5lla medlemmarna renodlade trafiktj\u00e4nster, exempelvis bredband och telefon, samt bedriva annan sammanh\u00e4ngande och f\u00f6renlig verksamhet.<br>Medlemmarna skall delta i verksamheten genom att nyttja f\u00f6reningens tj\u00e4nster.<\/p>\n\n\n\n<p>\u00a7 3&nbsp;&nbsp;&nbsp; STYRELSENS S\u00c4TE OCH F\u00d6RENINGENS VERKSAMHETSOMR\u00c5DE<br>F\u00f6reningens skall ha sitt s\u00e4te i Herrljunga kommun.<\/p>\n\n\n\n<p>\u00a7 4&nbsp;&nbsp;&nbsp; MEDLEMSKAP<br>Till medlem kan antas en s\u00f6kande som \u00e4ger en fastighet inom f\u00f6reningens verksamhetsomr\u00e5de, som utg\u00f6rs av omr\u00e5det v\u00e4ster om Herrljunga t\u00e4tort med omnejd.<br>Medlem f\u00f6rv\u00e4ntas f\u00f6lja f\u00f6reningens stadgar och beslut samt bidra till f\u00f6rverkligande av f\u00f6reningens \u00e4ndam\u00e5l. Om en fastighet har flera del\u00e4gare kan endast en del\u00e4gare vara formell medlem. Ans\u00f6kan om medlemskap g\u00f6rs skriftligt till f\u00f6reningen p\u00e5 en av f\u00f6reningen tillhandah\u00e5llet formul\u00e4r. Ans\u00f6kan om intr\u00e4de pr\u00f6vas av styrelsen.<br>Arrendator eller hyresg\u00e4st skall j\u00e4mst\u00e4llas med fastighets\u00e4gare i dessa stadgar om det \u00e4r \u00e4ndam\u00e5lsenligt.<\/p>\n\n\n\n<p>\u00a7 5&nbsp;&nbsp;&nbsp; MEDLEMS \u00c5LIGGANDE<br>Varje medlem \u00e4r skyldig att betala de stadgeenliga och av f\u00f6reningsst\u00e4mman fastst\u00e4llda insatserna och avgifterna samt \u00e4ven i \u00f6vrigt f\u00f6lja f\u00f6reningens stadgar och beslut.<\/p>\n\n\n\n<p>\u00a7 6&nbsp;&nbsp;&nbsp; INSATS<br>Varje medlem ska delta i f\u00f6reningen med ett insatsbelopp om l\u00e4gst 100 kr och h\u00f6gst 30.000 kr per av medlemmen inom verksamhetsomr\u00e5det \u00e4gd och ansluten byggnad.<br>Insatsen skall betalas kontant med 100 kr inom tv\u00e5 veckor efter att medlemskap beviljats. Resterande belopp betalas enligt styrelsens anvisningar.<br>Med ansluten byggnad menas byggnad eller planerad byggnad som \u00e4r eller planeras att bli ansluten eller f\u00f6rberedd f\u00f6r anslutning till f\u00f6reningens n\u00e4tverk.<\/p>\n\n\n\n<p>\u00a7 7&nbsp;&nbsp;&nbsp; \u00c5RSAVGIFT<br>Varje medlem ska \u00e5rligen till f\u00f6reningen betala medlemsavgift, som beslutas av f\u00f6reningsst\u00e4mman, dock h\u00f6gst 500 kr. Medlemsavgiften betalas p\u00e5 det s\u00e4tt och inom den tid som styrelsen best\u00e4mmer.<\/p>\n\n\n\n<p>\u00a7 8&nbsp;&nbsp;&nbsp; \u00d6VRIGA AVGIFTER<br>F\u00f6r utnyttjande av f\u00f6reningens tj\u00e4nster skall avgift utg\u00e5. Avgiften f\u00f6r de olika tj\u00e4nster f\u00f6reningen tillhandah\u00e5ller fastst\u00e4lls av styrelsen och regleras i avtal som uppr\u00e4ttas mellan den som utnyttjar tj\u00e4nsten och f\u00f6reningen.<\/p>\n\n\n\n<p>\u00a7 9&nbsp;&nbsp;&nbsp; UTESLUTNING<br>En medlem som bryter mot stadgarna eller som uppenbarligen skadar f\u00f6reningen eller motarbetar dess intressen eller \u00e4ndam\u00e5l kan av styrelsen uteslutas ur f\u00f6reningen. En utesluten medlem kan h\u00e4nskjuta fr\u00e5gan om uteslutning till f\u00f6reningsst\u00e4mman genom att anm\u00e4la detta till styrelsen inom en m\u00e5nad fr\u00e5n det att meddelandet om uteslutning skickades till medlemmen.<\/p>\n\n\n\n<p>\u00a7 10&nbsp; AVG\u00c5NG<br>Utom i de fall som \u00e4r best\u00e4mda p\u00e5 ett s\u00e4rskilt s\u00e4tt i lagen om ekonomiska f\u00f6reningar sker avg\u00e5ng ur f\u00f6reningen vid r\u00e4kenskaps\u00e5rets slut.&nbsp; Ans\u00f6kan om uttr\u00e4de ur f\u00f6reningen skall st\u00e4llas till styrelsen och skall ske skriftligen minst 3 m\u00e5nader f\u00f6re r\u00e4kenskaps\u00e5rets slut. Vid avg\u00e5ng p\u00e5 grund av uteslutning f\u00f6ruts\u00e4tts beslutet vara fattat inom samma tid innan r\u00e4kenskaps\u00e5rets slut. Avg\u00e5ng f\u00e5r dock ej ske tidigare \u00e4n 2 \u00e5r efter intr\u00e4de, undantag d\u00e5 fastighet skall \u00f6verl\u00e5tas till ny \u00e4gare.<\/p>\n\n\n\n<p>\u00a7 11&nbsp; STYRELSE<br>Styrelsen ska best\u00e5 av l\u00e4gst tre och h\u00f6gst nio ledam\u00f6ter, med h\u00f6gst fyra suppleanter. F\u00f6reningsst\u00e4mman v\u00e4ljer ordf\u00f6rande p\u00e5 ett (1) \u00e5r, styrelseledam\u00f6ter och styrelsesuppleanter v\u00e4ljs av f\u00f6reningsst\u00e4mman p\u00e5 tv\u00e5 \u00e5r, fast v\u00e4xelvis s\u00e5 att ungef\u00e4r halva styrelsen v\u00e4ljs varje \u00e5r.<br>F\u00f6rutom ordf\u00f6rande konstituerar styrelsen sig sj\u00e4lv. Styrelsesuppleanter har r\u00e4tt att n\u00e4rvara vid styrelsem\u00f6te.<\/p>\n\n\n\n<p>\u00a7 12&nbsp; FIRMATECKNING<br>F\u00f6reningens firma tecknas, f\u00f6rutom av styrelsen, av dem styrelsen utser.<\/p>\n\n\n\n<p>\u00a7 13&nbsp; REVISORER<br>P\u00e5 ordinarie f\u00f6reningsst\u00e4mma skall \u00e5rligen v\u00e4ljas l\u00e4gst en och h\u00f6gst tv\u00e5 revisorer och h\u00f6gst en revisorssuppleant fram till slutet av n\u00e4sta ordinarie f\u00f6reningsst\u00e4mma.<\/p>\n\n\n\n<p>\u00a7 14&nbsp; R\u00c4KENSKAPS\u00c5R<br>F\u00f6reningens r\u00e4kenskaps\u00e5r \u00e4r lika med kalender\u00e5r.<\/p>\n\n\n\n<p>\u00a7 15&nbsp; \u00c5RSREDOVISNING<br>Styrelsen ska l\u00e4mna \u00e5rsredovisningshandlingarna till revisorerna senast en m\u00e5nad f\u00f6re ordinarie f\u00f6reningsst\u00e4mma.<\/p>\n\n\n\n<p>\u00a7 16 ORDINARIE F\u00d6RENINGSST\u00c4MMA<br>Ordinarie f\u00f6reningsst\u00e4mma skall h\u00e5llas f\u00f6re juni m\u00e5nads utg\u00e5ng. Vid ordinarie f\u00f6reningsst\u00e4mma ska f\u00f6ljande \u00e4renden behandlas:<br>1.&nbsp;&nbsp;&nbsp; M\u00f6tets \u00f6ppnande<br>2.&nbsp;&nbsp;&nbsp; Val av ordf\u00f6rande samt sekreterare vid st\u00e4mman.<br>3.&nbsp;&nbsp;&nbsp; Godk\u00e4nnande av r\u00f6stl\u00e4ngden.<br>4.&nbsp;&nbsp;&nbsp; Val av tv\u00e5 justeringspersoner tillika r\u00f6str\u00e4knare.<br>5.&nbsp;&nbsp;&nbsp; Fr\u00e5ga om st\u00e4mman blivit utlyst i beh\u00f6rig ordning.<br>6.&nbsp;&nbsp;&nbsp; Fastst\u00e4llande av dagordningen.<br>7.&nbsp;&nbsp;&nbsp; Styrelsens verksamhetsber\u00e4ttelse f\u00f6redras.<br>8.&nbsp;&nbsp;&nbsp; Styrelsens ekonomiska redovisning f\u00f6redras.<br>9.&nbsp;&nbsp;&nbsp; Revisionsber\u00e4ttelsen f\u00f6redras.<br>10.&nbsp; Beslut om ansvarsfrihet \u00e5t styrelseledam\u00f6terna.<br>11.&nbsp; Beslut om fastst\u00e4llande av balansr\u00e4kningen och resultatr\u00e4kningen samt om disposition av \u00e5rets vinst eller f\u00f6rlust enligt den fastst\u00e4llda balansr\u00e4kningen.<br>12.&nbsp; Fr\u00e5gan om arvoden till styrelseledam\u00f6terna och revisorer.<br>13.&nbsp; Beslut om medlemsavgift och andra avgifter.<br>14.&nbsp; Beslut om antal ledam\u00f6ter i styrelsen.<br>15.&nbsp; Val av ordf\u00f6rande.<br>16.&nbsp; Val av \u00f6vriga styrelseledam\u00f6ter och styrelsesuppleanter.<br>17.&nbsp; Val av revisorer och revisorssuppleant\/er.<br>18.&nbsp; Val av valberedning, tre personer, varav en skall vara sammankallande.<br>19.&nbsp; \u00d6vriga \u00e4renden som ska tas upp p\u00e5 f\u00f6reningsst\u00e4mman enligt lag eller f\u00f6reningens stadgar, och som anm\u00e4lts till styrelsen senast tv\u00e5 veckor f\u00f6re st\u00e4mman.<br>20.&nbsp; M\u00f6tets avslutande.<\/p>\n\n\n\n<p>\u00a717&nbsp;&nbsp; EXTRA F\u00d6RENINGSST\u00c4MMA<br>Vid extra f\u00f6reningsst\u00e4mma f\u00e5r inte beslut fattas i andra \u00e4renden \u00e4n de som angivits i kallelsen. Extra f\u00f6reningsst\u00e4mma kan utlysas f\u00f6rutom av styrelsen, d\u00e5 det av behandling f\u00f6r uppgivet \u00e4rende skriftligen p\u00e5fordras av revisor eller minst 10 % av F\u00f6reningens medlemmar.<\/p>\n\n\n\n<p>\u00a7 18&nbsp; R\u00d6STR\u00c4TT<br>Vid f\u00f6reningsst\u00e4mma har varje medlem en r\u00f6st.<\/p>\n\n\n\n<p>\u00a7 19&nbsp; KALLELSE OCH ANDRA MEDDELANDEN<br>Kallelse till f\u00f6reningsst\u00e4mma sker skriftligen via e-post eller brev. Kallelse ska ske tidigast fyra veckor f\u00f6re f\u00f6reningsst\u00e4mman och senast tv\u00e5 veckor f\u00f6re ordinarie f\u00f6reningsst\u00e4mma samt senast en vecka f\u00f6re extra f\u00f6reningsst\u00e4mma. D\u00e5 kallelse g\u00e5tt ut till f\u00f6reningsst\u00e4mman ska styrelsen omedelbart underr\u00e4tta revisorerna om detta genom e-post eller brev. Andra meddelanden fr\u00e5n styrelsen distribueras med e-post. I den m\u00e5n enskild medlem inte kan n\u00e5s via e-post kan ordinarie postg\u00e5ng anv\u00e4ndas.<\/p>\n\n\n\n<p>\u00a7 20&nbsp; VINSTF\u00d6RDELNING<br>Fritt eget kapital enligt fastst\u00e4lld balansr\u00e4kning ska, sedan i lag f\u00f6reskriven avs\u00e4ttning till reservfonden har skett, enligt f\u00f6reningsst\u00e4mmans beslut f\u00f6ras i ny r\u00e4kning, fonderas kapitalinsatser i f\u00f6reningen.<\/p>\n\n\n\n<p>\u00a7 21&nbsp; UPPL\u00d6SNING<br>Vid f\u00f6reningens uppl\u00f6sning ska f\u00f6reningens beh\u00e5llna tillg\u00e5ngar f\u00f6rdelas mellan medlemmarna i f\u00f6rh\u00e5llande till inbetalda medlemsinsatser enligt \u00a7 6.<\/p>\n\n\n\n<p>\u00a7 22&nbsp; STADGE\u00c4NDRING<br>Stadge\u00e4ndring sker enligt lagen om ekonomiska f\u00f6reningar.<\/p>\n\n\n\n<p>\u00a7 23&nbsp; \u00d6VRIGT<br>I \u00f6vrigt g\u00e4ller lagen om ekonomiska f\u00f6reningar, SFS 1987:667<\/p>\n","protected":false},"excerpt":{"rendered":"<p>Stadgar STADGAR F\u00d6R&nbsp;NOSSANS FIBER&nbsp;EKONOMISK F\u00d6RENING \u00a7 1&nbsp;&nbsp;&nbsp; FIRMAF\u00f6reningens namn \u00e4r Nossans fiber ekonomisk f\u00f6rening. \u00a7 2&nbsp;&nbsp;&nbsp; \u00c4NDAM\u00c5L OCH VERKSAMHETF\u00f6reningen har till \u00e4ndam\u00e5l att fr\u00e4mja medlemmarnas ekonomiska intressen genom att via ett eget kommunikationsn\u00e4t tillhandah\u00e5lla medlemmarna n\u00e4tkapacitet f\u00f6r bl.a. data- och telekommunikation. F\u00f6reningen kan \u00e4ven, direkt eller indirekt, tillhandah\u00e5lla medlemmarna renodlade trafiktj\u00e4nster, exempelvis bredband och telefon, [&hellip;]<\/p>\n","protected":false},"author":1,"featured_media":0,"parent":0,"menu_order":0,"comment_status":"closed","ping_status":"closed","template":"","meta":{"footnotes":""},"class_list":["post-46","page","type-page","status-publish","hentry"],"_links":{"self":[{"href":"https:\/\/nossansfiber.se\/wp\/wp-json\/wp\/v2\/pages\/46","targetHints":{"allow":["GET"]}}],"collection":[{"href":"https:\/\/nossansfiber.se\/wp\/wp-json\/wp\/v2\/pages"}],"about":[{"href":"https:\/\/nossansfiber.se\/wp\/wp-json\/wp\/v2\/types\/page"}],"author":[{"embeddable":true,"href":"https:\/\/nossansfiber.se\/wp\/wp-json\/wp\/v2\/users\/1"}],"replies":[{"embeddable":true,"href":"https:\/\/nossansfiber.se\/wp\/wp-json\/wp\/v2\/comments?post=46"}],"version-history":[{"count":1,"href":"https:\/\/nossansfiber.se\/wp\/wp-json\/wp\/v2\/pages\/46\/revisions"}],"predecessor-version":[{"id":48,"href":"https:\/\/nossansfiber.se\/wp\/wp-json\/wp\/v2\/pages\/46\/revisions\/48"}],"wp:attachment":[{"href":"https:\/\/nossansfiber.se\/wp\/wp-json\/wp\/v2\/media?parent=46"}],"curies":[{"name":"wp","href":"https:\/\/api.w.org\/{rel}","templated":true}]}}